{"id":2,"date":"2026-02-20T16:55:54","date_gmt":"2026-02-20T16:55:54","guid":{"rendered":"https:\/\/salonjustiymary.rkinformatika.online\/?page_id=2"},"modified":"2026-02-24T08:04:10","modified_gmt":"2026-02-24T08:04:10","slug":"inicio","status":"publish","type":"page","link":"https:\/\/salonjustiymary.com\/en\/","title":{"rendered":"Home"},"content":{"rendered":"<div data-elementor-type=\"wp-page\" data-elementor-id=\"2\" class=\"elementor elementor-2\" data-elementor-post-type=\"page\">\n\t\t\t\t<div class=\"elementor-element elementor-element-6c8dda6 e-flex e-con-boxed e-con e-parent\" data-id=\"6c8dda6\" data-element_type=\"container\" data-e-type=\"container\" data-settings=\"{&quot;background_background&quot;:&quot;classic&quot;}\">\n\t\t\t\t\t<div class=\"e-con-inner\">\n\t\t\t\t<div class=\"elementor-element elementor-element-0003ec3 elementor-widget elementor-widget-heading\" data-id=\"0003ec3\" data-element_type=\"widget\" data-e-type=\"widget\" data-widget_type=\"heading.default\">\n\t\t\t\t\t<h2 class=\"elementor-heading-title elementor-size-default\">Justi y Mary<\/h2>\t\t\t\t<\/div>\n\t\t\t\t<div class=\"elementor-element elementor-element-431f904 elementor-widget elementor-widget-text-editor\" data-id=\"431f904\" data-element_type=\"widget\" data-e-type=\"widget\" data-widget_type=\"text-editor.default\">\n\t\t\t\t\t\t\t\t\t<p>45 Years Defining Style (1981 \u2013 2026)<\/p>\t\t\t\t\t\t\t\t<\/div>\n\t\t\t\t\t<\/div>\n\t\t\t\t<\/div>\n\t\t<div class=\"elementor-element elementor-element-edf97ca e-flex e-con-boxed e-con e-parent\" data-id=\"edf97ca\" data-element_type=\"container\" data-e-type=\"container\" data-settings=\"{&quot;background_background&quot;:&quot;classic&quot;}\">\n\t\t\t\t\t<div class=\"e-con-inner\">\n\t\t<div class=\"elementor-element elementor-element-b1ec0c4 e-con-full e-flex e-con e-child\" data-id=\"b1ec0c4\" data-element_type=\"container\" data-e-type=\"container\">\n\t\t\t\t<div class=\"elementor-element elementor-element-7371f15 elementor-widget elementor-widget-image\" data-id=\"7371f15\" data-element_type=\"widget\" data-e-type=\"widget\" data-widget_type=\"image.default\">\n\t\t\t\t\t\t\t\t\t\t\t\t\t\t\t<img fetchpriority=\"high\" decoding=\"async\" width=\"1500\" height=\"1500\" src=\"https:\/\/salonjustiymary.com\/wp-content\/uploads\/2026\/02\/17927.jpg\" class=\"attachment-full size-full wp-image-90\" alt=\"\" srcset=\"https:\/\/salonjustiymary.com\/wp-content\/uploads\/2026\/02\/17927.jpg 1500w, https:\/\/salonjustiymary.com\/wp-content\/uploads\/2026\/02\/17927-300x300.jpg 300w, https:\/\/salonjustiymary.com\/wp-content\/uploads\/2026\/02\/17927-1024x1024.jpg 1024w, https:\/\/salonjustiymary.com\/wp-content\/uploads\/2026\/02\/17927-150x150.jpg 150w, https:\/\/salonjustiymary.com\/wp-content\/uploads\/2026\/02\/17927-768x768.jpg 768w, https:\/\/salonjustiymary.com\/wp-content\/uploads\/2026\/02\/17927-12x12.jpg 12w\" sizes=\"(max-width: 1500px) 100vw, 1500px\" \/>\t\t\t\t\t\t\t\t\t\t\t\t\t\t\t<\/div>\n\t\t\t\t<\/div>\n\t\t<div class=\"elementor-element elementor-element-ab6171d e-con-full e-flex e-con e-child\" data-id=\"ab6171d\" data-element_type=\"container\" data-e-type=\"container\">\n\t\t\t\t<div class=\"elementor-element elementor-element-7cf6846 elementor-widget-divider--view-line_icon elementor-view-default elementor-widget-divider--element-align-center elementor-widget elementor-widget-divider\" data-id=\"7cf6846\" data-element_type=\"widget\" data-e-type=\"widget\" data-widget_type=\"divider.default\">\n\t\t\t\t\t\t\t<div class=\"elementor-divider\">\n\t\t\t<span class=\"elementor-divider-separator\">\n\t\t\t\t\t\t\t<div class=\"elementor-icon elementor-divider__element\">\n\t\t\t\t\t<svg aria-hidden=\"true\" class=\"e-font-icon-svg e-fas-heart\" viewbox=\"0 0 512 512\" xmlns=\"http:\/\/www.w3.org\/2000\/svg\"><path d=\"M462.3 62.6C407.5 15.9 326 24.3 275.7 76.2L256 96.5l-19.7-20.3C186.1 24.3 104.5 15.9 49.7 62.6c-62.8 53.6-66.1 149.8-9.9 207.9l193.5 199.8c12.5 12.9 32.8 12.9 45.3 0l193.5-199.8c56.3-58.1 53-154.3-9.8-207.9z\"><\/path><\/svg><\/div>\n\t\t\t\t\t\t<\/span>\n\t\t<\/div>\n\t\t\t\t\t\t<\/div>\n\t\t\t\t<div class=\"elementor-element elementor-element-0f11057 elementor-widget elementor-widget-heading\" data-id=\"0f11057\" data-element_type=\"widget\" data-e-type=\"widget\" data-widget_type=\"heading.default\">\n\t\t\t\t\t<h2 class=\"elementor-heading-title elementor-size-default\">About us:\n<\/h2>\t\t\t\t<\/div>\n\t\t\t\t<div class=\"elementor-element elementor-element-9f62fd9 elementor-widget elementor-widget-text-editor\" data-id=\"9f62fd9\" data-element_type=\"widget\" data-e-type=\"widget\" data-widget_type=\"text-editor.default\">\n\t\t\t\t\t\t\t\t\t<p>Since 1981, we have dedicated our passion to beauty and style, transforming a dream into a space where everyone feels heard, valued, and cared for. For 45 years, we have witnessed the evolution of trends and fashion, but our commitment has always remained the same: to offer trust, personalized service, and professionalism to every client who walks through the door of our salon.<\/p>\t\t\t\t\t\t\t\t<\/div>\n\t\t\t\t<\/div>\n\t\t\t\t\t<\/div>\n\t\t\t\t<\/div>\n\t\t<div class=\"elementor-element elementor-element-8ea98dd e-flex e-con-boxed e-con e-parent\" data-id=\"8ea98dd\" data-element_type=\"container\" data-e-type=\"container\" data-settings=\"{&quot;background_background&quot;:&quot;classic&quot;}\">\n\t\t\t\t\t<div class=\"e-con-inner\">\n\t\t<div class=\"elementor-element elementor-element-5e12064 e-con-full e-flex e-con e-child\" data-id=\"5e12064\" data-element_type=\"container\" data-e-type=\"container\">\n\t\t\t\t<div class=\"elementor-element elementor-element-95a55e6 elementor-widget elementor-widget-image\" data-id=\"95a55e6\" data-element_type=\"widget\" data-e-type=\"widget\" data-widget_type=\"image.default\">\n\t\t\t\t\t\t\t\t\t\t\t\t\t\t\t<img decoding=\"async\" width=\"1500\" height=\"1500\" src=\"https:\/\/salonjustiymary.com\/wp-content\/uploads\/2026\/02\/91296.jpg\" class=\"attachment-full size-full wp-image-95\" alt=\"\" srcset=\"https:\/\/salonjustiymary.com\/wp-content\/uploads\/2026\/02\/91296.jpg 1500w, https:\/\/salonjustiymary.com\/wp-content\/uploads\/2026\/02\/91296-300x300.jpg 300w, https:\/\/salonjustiymary.com\/wp-content\/uploads\/2026\/02\/91296-1024x1024.jpg 1024w, https:\/\/salonjustiymary.com\/wp-content\/uploads\/2026\/02\/91296-150x150.jpg 150w, https:\/\/salonjustiymary.com\/wp-content\/uploads\/2026\/02\/91296-768x768.jpg 768w, https:\/\/salonjustiymary.com\/wp-content\/uploads\/2026\/02\/91296-12x12.jpg 12w\" sizes=\"(max-width: 1500px) 100vw, 1500px\" \/>\t\t\t\t\t\t\t\t\t\t\t\t\t\t\t<\/div>\n\t\t\t\t<\/div>\n\t\t<div class=\"elementor-element elementor-element-eb20b13 e-con-full e-flex e-con e-child\" data-id=\"eb20b13\" data-element_type=\"container\" data-e-type=\"container\">\n\t\t\t\t<div class=\"elementor-element elementor-element-4404ecc elementor-widget-divider--view-line_icon elementor-view-default elementor-widget-divider--element-align-center elementor-widget elementor-widget-divider\" data-id=\"4404ecc\" data-element_type=\"widget\" data-e-type=\"widget\" data-widget_type=\"divider.default\">\n\t\t\t\t\t\t\t<div class=\"elementor-divider\">\n\t\t\t<span class=\"elementor-divider-separator\">\n\t\t\t\t\t\t\t<div class=\"elementor-icon elementor-divider__element\">\n\t\t\t\t\t<svg aria-hidden=\"true\" class=\"e-font-icon-svg e-fas-heart\" viewbox=\"0 0 512 512\" xmlns=\"http:\/\/www.w3.org\/2000\/svg\"><path d=\"M462.3 62.6C407.5 15.9 326 24.3 275.7 76.2L256 96.5l-19.7-20.3C186.1 24.3 104.5 15.9 49.7 62.6c-62.8 53.6-66.1 149.8-9.9 207.9l193.5 199.8c12.5 12.9 32.8 12.9 45.3 0l193.5-199.8c56.3-58.1 53-154.3-9.8-207.9z\"><\/path><\/svg><\/div>\n\t\t\t\t\t\t<\/span>\n\t\t<\/div>\n\t\t\t\t\t\t<\/div>\n\t\t\t\t<div class=\"elementor-element elementor-element-c2fbccd elementor-widget elementor-widget-heading\" data-id=\"c2fbccd\" data-element_type=\"widget\" data-e-type=\"widget\" data-widget_type=\"heading.default\">\n\t\t\t\t\t<h2 class=\"elementor-heading-title elementor-size-default\">Our work:<\/h2>\t\t\t\t<\/div>\n\t\t\t\t<div class=\"elementor-element elementor-element-0655921 elementor-widget elementor-widget-text-editor\" data-id=\"0655921\" data-element_type=\"widget\" data-e-type=\"widget\" data-widget_type=\"text-editor.default\">\n\t\t\t\t\t\t\t\t\t<p>Our philosophy is based on listening carefully to each client, understanding their desires and needs, and applying our experience and technique to bring out the best in each person. Every cut, color, and style is an opportunity to combine style and personality, working with passion, precision, and dedication so that everyone feels confident and authentic.<\/p>\t\t\t\t\t\t\t\t<\/div>\n\t\t\t\t<\/div>\n\t\t\t\t\t<\/div>\n\t\t\t\t<\/div>\n\t\t<div class=\"elementor-element elementor-element-1a09598 e-flex e-con-boxed e-con e-parent\" data-id=\"1a09598\" data-element_type=\"container\" data-e-type=\"container\" data-settings=\"{&quot;background_background&quot;:&quot;classic&quot;}\">\n\t\t\t\t\t<div class=\"e-con-inner\">\n\t\t\t\t<div class=\"elementor-element elementor-element-e2de40b elementor-widget elementor-widget-heading\" data-id=\"e2de40b\" data-element_type=\"widget\" data-e-type=\"widget\" data-widget_type=\"heading.default\">\n\t\t\t\t\t<h2 class=\"elementor-heading-title elementor-size-default\">We Transform Your Style<\/h2>\t\t\t\t<\/div>\n\t\t\t\t<div class=\"elementor-element elementor-element-703dbe6 elementor-widget elementor-widget-text-editor\" data-id=\"703dbe6\" data-element_type=\"widget\" data-e-type=\"widget\" data-widget_type=\"text-editor.default\">\n\t\t\t\t\t\t\t\t\t<p>Discover everything we do to highlight your style and take care of your beauty<\/p>\t\t\t\t\t\t\t\t<\/div>\n\t\t\t\t<div class=\"elementor-element elementor-element-dde418b elementor-align-center elementor-widget elementor-widget-button\" data-id=\"dde418b\" data-element_type=\"widget\" data-e-type=\"widget\" data-widget_type=\"button.default\">\n\t\t\t\t\t\t\t\t\t\t<a class=\"elementor-button elementor-button-link elementor-size-sm elementor-animation-grow\" href=\"\/en\/servicios\/\">\n\t\t\t\t\t\t<span class=\"elementor-button-content-wrapper\">\n\t\t\t\t\t\t<span class=\"elementor-button-icon\">\n\t\t\t\t<svg aria-hidden=\"true\" class=\"e-font-icon-svg e-far-hand-point-right\" viewbox=\"0 0 512 512\" xmlns=\"http:\/\/www.w3.org\/2000\/svg\"><path d=\"M428.8 137.6h-86.177a115.52 115.52 0 0 0 2.176-22.4c0-47.914-35.072-83.2-92-83.2-45.314 0-57.002 48.537-75.707 78.784-7.735 12.413-16.994 23.317-25.851 33.253l-.131.146-.129.148C135.662 161.807 127.764 168 120.8 168h-2.679c-5.747-4.952-13.536-8-22.12-8H32c-17.673 0-32 12.894-32 28.8v230.4C0 435.106 14.327 448 32 448h64c8.584 0 16.373-3.048 22.12-8h2.679c28.688 0 67.137 40 127.2 40h21.299c62.542 0 98.8-38.658 99.94-91.145 12.482-17.813 18.491-40.785 15.985-62.791A93.148 93.148 0 0 0 393.152 304H428.8c45.435 0 83.2-37.584 83.2-83.2 0-45.099-38.101-83.2-83.2-83.2zm0 118.4h-91.026c12.837 14.669 14.415 42.825-4.95 61.05 11.227 19.646 1.687 45.624-12.925 53.625 6.524 39.128-10.076 61.325-50.6 61.325H248c-45.491 0-77.21-35.913-120-39.676V215.571c25.239-2.964 42.966-21.222 59.075-39.596 11.275-12.65 21.725-25.3 30.799-39.875C232.355 112.712 244.006 80 252.8 80c23.375 0 44 8.8 44 35.2 0 35.2-26.4 53.075-26.4 70.4h158.4c18.425 0 35.2 16.5 35.2 35.2 0 18.975-16.225 35.2-35.2 35.2zM88 384c0 13.255-10.745 24-24 24s-24-10.745-24-24 10.745-24 24-24 24 10.745 24 24z\"><\/path><\/svg>\t\t\t<\/span>\n\t\t\t\t\t\t\t\t\t<span class=\"elementor-button-text\">Services<\/span>\n\t\t\t\t\t<\/span>\n\t\t\t\t\t<\/a>\n\t\t\t\t\t\t\t\t<\/div>\n\t\t\t\t\t<\/div>\n\t\t\t\t<\/div>\n\t\t\t\t<\/div>","protected":false},"excerpt":{"rendered":"<p>Justi y Mary 45 A\u00f1os Definiendo Estilo (1981 &#8211; 2026) Sobre nosotros: Desde 1981, hemos dedicado nuestra pasi\u00f3n a la belleza y al estilo, transformando un sue\u00f1o en un espacio donde cada persona se siente escuchada, valorada y cuidada. Durante 45 a\u00f1os, hemos sido testigos de c\u00f3mo cambian las tendencias y la moda, pero nuestro [&hellip;]<\/p>\n","protected":false},"author":1,"featured_media":0,"parent":0,"menu_order":0,"comment_status":"closed","ping_status":"closed","template":"elementor_canvas","meta":{"footnotes":""},"class_list":["post-2","page","type-page","status-publish","hentry"],"yoast_head":"<!-- This site is optimized with the Yoast SEO plugin v27.3 - https:\/\/yoast.com\/product\/yoast-seo-wordpress\/ -->\n<title>Inicio - Salon Justi y Mary<\/title>\n<meta name=\"robots\" content=\"index, follow, max-snippet:-1, max-image-preview:large, max-video-preview:-1\" \/>\n<link rel=\"canonical\" href=\"https:\/\/salonjustiymary.com\/en\/\" \/>\n<meta property=\"og:locale\" content=\"en_US\" \/>\n<meta property=\"og:type\" content=\"article\" \/>\n<meta property=\"og:title\" content=\"Inicio - Salon Justi y Mary\" \/>\n<meta property=\"og:description\" content=\"Justi y Mary 45 A\u00f1os Definiendo Estilo (1981 &#8211; 2026) Sobre nosotros: Desde 1981, hemos dedicado nuestra pasi\u00f3n a la belleza y al estilo, transformando un sue\u00f1o en un espacio donde cada persona se siente escuchada, valorada y cuidada. Durante 45 a\u00f1os, hemos sido testigos de c\u00f3mo cambian las tendencias y la moda, pero nuestro [&hellip;]\" \/>\n<meta property=\"og:url\" content=\"https:\/\/salonjustiymary.com\/en\/\" \/>\n<meta property=\"og:site_name\" content=\"Salon Justi y Mary\" \/>\n<meta property=\"article:modified_time\" content=\"2026-02-24T08:04:10+00:00\" \/>\n<meta property=\"og:image\" content=\"https:\/\/salonjustiymary.com\/wp-content\/uploads\/2026\/02\/17927.jpg\" \/>\n<meta name=\"twitter:card\" content=\"summary_large_image\" \/>\n<meta name=\"twitter:label1\" content=\"Est. reading time\" \/>\n\t<meta name=\"twitter:data1\" content=\"1 minute\" \/>\n<script type=\"application\/ld+json\" class=\"yoast-schema-graph\">{\"@context\":\"https:\\\/\\\/schema.org\",\"@graph\":[{\"@type\":\"WebPage\",\"@id\":\"https:\\\/\\\/salonjustiymary.com\\\/\",\"url\":\"https:\\\/\\\/salonjustiymary.com\\\/\",\"name\":\"Inicio - Salon Justi y Mary\",\"isPartOf\":{\"@id\":\"https:\\\/\\\/salonjustiymary.com\\\/#website\"},\"primaryImageOfPage\":{\"@id\":\"https:\\\/\\\/salonjustiymary.com\\\/#primaryimage\"},\"image\":{\"@id\":\"https:\\\/\\\/salonjustiymary.com\\\/#primaryimage\"},\"thumbnailUrl\":\"https:\\\/\\\/salonjustiymary.com\\\/wp-content\\\/uploads\\\/2026\\\/02\\\/17927.jpg\",\"datePublished\":\"2026-02-20T16:55:54+00:00\",\"dateModified\":\"2026-02-24T08:04:10+00:00\",\"breadcrumb\":{\"@id\":\"https:\\\/\\\/salonjustiymary.com\\\/#breadcrumb\"},\"inLanguage\":\"en-US\",\"potentialAction\":[{\"@type\":\"ReadAction\",\"target\":[\"https:\\\/\\\/salonjustiymary.com\\\/\"]}]},{\"@type\":\"ImageObject\",\"inLanguage\":\"en-US\",\"@id\":\"https:\\\/\\\/salonjustiymary.com\\\/#primaryimage\",\"url\":\"https:\\\/\\\/salonjustiymary.com\\\/wp-content\\\/uploads\\\/2026\\\/02\\\/17927.jpg\",\"contentUrl\":\"https:\\\/\\\/salonjustiymary.com\\\/wp-content\\\/uploads\\\/2026\\\/02\\\/17927.jpg\"},{\"@type\":\"BreadcrumbList\",\"@id\":\"https:\\\/\\\/salonjustiymary.com\\\/#breadcrumb\",\"itemListElement\":[{\"@type\":\"ListItem\",\"position\":1,\"name\":\"Portada\",\"item\":\"https:\\\/\\\/salonjustiymary.com\\\/\"},{\"@type\":\"ListItem\",\"position\":2,\"name\":\"Inicio\"}]},{\"@type\":\"WebSite\",\"@id\":\"https:\\\/\\\/salonjustiymary.com\\\/#website\",\"url\":\"https:\\\/\\\/salonjustiymary.com\\\/\",\"name\":\"Salon Justi y Mary\",\"description\":\"Peluquer\u00eda en C. del Arroyo de la Media Legua, 29, local 24Moratalaz, Madrid \\\/ +34 914 370 301\",\"publisher\":{\"@id\":\"https:\\\/\\\/salonjustiymary.com\\\/#organization\"},\"potentialAction\":[{\"@type\":\"SearchAction\",\"target\":{\"@type\":\"EntryPoint\",\"urlTemplate\":\"https:\\\/\\\/salonjustiymary.com\\\/?s={search_term_string}\"},\"query-input\":{\"@type\":\"PropertyValueSpecification\",\"valueRequired\":true,\"valueName\":\"search_term_string\"}}],\"inLanguage\":\"en-US\"},{\"@type\":\"Organization\",\"@id\":\"https:\\\/\\\/salonjustiymary.com\\\/#organization\",\"name\":\"Salon Justi y Mary\",\"url\":\"https:\\\/\\\/salonjustiymary.com\\\/\",\"logo\":{\"@type\":\"ImageObject\",\"inLanguage\":\"en-US\",\"@id\":\"https:\\\/\\\/salonjustiymary.com\\\/#\\\/schema\\\/logo\\\/image\\\/\",\"url\":\"https:\\\/\\\/salonjustiymary.com\\\/wp-content\\\/uploads\\\/2026\\\/02\\\/justiymary202602_logo_web.png\",\"contentUrl\":\"https:\\\/\\\/salonjustiymary.com\\\/wp-content\\\/uploads\\\/2026\\\/02\\\/justiymary202602_logo_web.png\",\"width\":2250,\"height\":2250,\"caption\":\"Salon Justi y Mary\"},\"image\":{\"@id\":\"https:\\\/\\\/salonjustiymary.com\\\/#\\\/schema\\\/logo\\\/image\\\/\"}}]}<\/script>\n<!-- \/ Yoast SEO plugin. -->","yoast_head_json":{"title":"Inicio - Salon Justi y Mary","robots":{"index":"index","follow":"follow","max-snippet":"max-snippet:-1","max-image-preview":"max-image-preview:large","max-video-preview":"max-video-preview:-1"},"canonical":"https:\/\/salonjustiymary.com\/en\/","og_locale":"en_US","og_type":"article","og_title":"Inicio - Salon Justi y Mary","og_description":"Justi y Mary 45 A\u00f1os Definiendo Estilo (1981 &#8211; 2026) Sobre nosotros: Desde 1981, hemos dedicado nuestra pasi\u00f3n a la belleza y al estilo, transformando un sue\u00f1o en un espacio donde cada persona se siente escuchada, valorada y cuidada. Durante 45 a\u00f1os, hemos sido testigos de c\u00f3mo cambian las tendencias y la moda, pero nuestro [&hellip;]","og_url":"https:\/\/salonjustiymary.com\/en\/","og_site_name":"Salon Justi y Mary","article_modified_time":"2026-02-24T08:04:10+00:00","og_image":[{"url":"https:\/\/salonjustiymary.com\/wp-content\/uploads\/2026\/02\/17927.jpg","type":"","width":"","height":""}],"twitter_card":"summary_large_image","twitter_misc":{"Est. reading time":"1 minute"},"schema":{"@context":"https:\/\/schema.org","@graph":[{"@type":"WebPage","@id":"https:\/\/salonjustiymary.com\/","url":"https:\/\/salonjustiymary.com\/","name":"Inicio - Salon Justi y Mary","isPartOf":{"@id":"https:\/\/salonjustiymary.com\/#website"},"primaryImageOfPage":{"@id":"https:\/\/salonjustiymary.com\/#primaryimage"},"image":{"@id":"https:\/\/salonjustiymary.com\/#primaryimage"},"thumbnailUrl":"https:\/\/salonjustiymary.com\/wp-content\/uploads\/2026\/02\/17927.jpg","datePublished":"2026-02-20T16:55:54+00:00","dateModified":"2026-02-24T08:04:10+00:00","breadcrumb":{"@id":"https:\/\/salonjustiymary.com\/#breadcrumb"},"inLanguage":"en-US","potentialAction":[{"@type":"ReadAction","target":["https:\/\/salonjustiymary.com\/"]}]},{"@type":"ImageObject","inLanguage":"en-US","@id":"https:\/\/salonjustiymary.com\/#primaryimage","url":"https:\/\/salonjustiymary.com\/wp-content\/uploads\/2026\/02\/17927.jpg","contentUrl":"https:\/\/salonjustiymary.com\/wp-content\/uploads\/2026\/02\/17927.jpg"},{"@type":"BreadcrumbList","@id":"https:\/\/salonjustiymary.com\/#breadcrumb","itemListElement":[{"@type":"ListItem","position":1,"name":"Portada","item":"https:\/\/salonjustiymary.com\/"},{"@type":"ListItem","position":2,"name":"Inicio"}]},{"@type":"WebSite","@id":"https:\/\/salonjustiymary.com\/#website","url":"https:\/\/salonjustiymary.com\/","name":"Salon Justi y Mary","description":"Peluquer\u00eda en C. del Arroyo de la Media Legua, 29, local 24Moratalaz, Madrid \/ +34 914 370 301","publisher":{"@id":"https:\/\/salonjustiymary.com\/#organization"},"potentialAction":[{"@type":"SearchAction","target":{"@type":"EntryPoint","urlTemplate":"https:\/\/salonjustiymary.com\/?s={search_term_string}"},"query-input":{"@type":"PropertyValueSpecification","valueRequired":true,"valueName":"search_term_string"}}],"inLanguage":"en-US"},{"@type":"Organization","@id":"https:\/\/salonjustiymary.com\/#organization","name":"Salon Justi y Mary","url":"https:\/\/salonjustiymary.com\/","logo":{"@type":"ImageObject","inLanguage":"en-US","@id":"https:\/\/salonjustiymary.com\/#\/schema\/logo\/image\/","url":"https:\/\/salonjustiymary.com\/wp-content\/uploads\/2026\/02\/justiymary202602_logo_web.png","contentUrl":"https:\/\/salonjustiymary.com\/wp-content\/uploads\/2026\/02\/justiymary202602_logo_web.png","width":2250,"height":2250,"caption":"Salon Justi y Mary"},"image":{"@id":"https:\/\/salonjustiymary.com\/#\/schema\/logo\/image\/"}}]}},"_links":{"self":[{"href":"https:\/\/salonjustiymary.com\/en\/wp-json\/wp\/v2\/pages\/2","targetHints":{"allow":["GET"]}}],"collection":[{"href":"https:\/\/salonjustiymary.com\/en\/wp-json\/wp\/v2\/pages"}],"about":[{"href":"https:\/\/salonjustiymary.com\/en\/wp-json\/wp\/v2\/types\/page"}],"author":[{"embeddable":true,"href":"https:\/\/salonjustiymary.com\/en\/wp-json\/wp\/v2\/users\/1"}],"replies":[{"embeddable":true,"href":"https:\/\/salonjustiymary.com\/en\/wp-json\/wp\/v2\/comments?post=2"}],"version-history":[{"count":37,"href":"https:\/\/salonjustiymary.com\/en\/wp-json\/wp\/v2\/pages\/2\/revisions"}],"predecessor-version":[{"id":196,"href":"https:\/\/salonjustiymary.com\/en\/wp-json\/wp\/v2\/pages\/2\/revisions\/196"}],"wp:attachment":[{"href":"https:\/\/salonjustiymary.com\/en\/wp-json\/wp\/v2\/media?parent=2"}],"curies":[{"name":"wp","href":"https:\/\/api.w.org\/{rel}","templated":true}]}}